{"id":90,"date":"2024-05-17T13:15:48","date_gmt":"2024-05-17T11:15:48","guid":{"rendered":"https:\/\/wp.hausarzt-meise.de\/?page_id=90"},"modified":"2024-08-01T18:42:05","modified_gmt":"2024-08-01T16:42:05","slug":"kontakt","status":"publish","type":"page","link":"https:\/\/www.hausarzt-meise.de\/de\/kontakt\/","title":{"rendered":"Kontakt"},"content":{"rendered":"\n<div class=\"wp-block-columns is-layout-flex wp-container-core-columns-is-layout-9d6595d7 wp-block-columns-is-layout-flex\">\n<div class=\"wp-block-column is-layout-flow wp-block-column-is-layout-flow\" style=\"flex-basis:33.33%\">\n<p>Der Standort der Praxis ist in der K\u00f6lner S\u00fcdstadt am Ubierring 9-11.<\/p>\n\n\n\n<p>Direkt vor der Praxis befindet sich die .<br>Haltestelle &#8222;Chlodwigplatz&#8220;. Hier halten die KVB-Stadtbahnlinien 15, 16 und (unterirdisch) 17, sowie die Buslinien, 106, 132, 133 und 142.<\/p>\n\n\n\n<ul class=\"wp-block-list\">\n<li><a href=\"https:\/\/www.kvb.koeln\/fahrtinfo\/fahrplanauskunft\/\" data-type=\"link\" data-id=\"https:\/\/www.kvb.koeln\/fahrtinfo\/fahrplanauskunft\/\" target=\"_blank\" rel=\"noreferrer noopener\">KVB Fahrplanauskunft<\/a><\/li>\n<\/ul>\n\n\n\n<p>Fahrradabstellm\u00f6glichkeiten gibt es reichlich, Parkpl\u00e4tze f\u00fcr Autos vereinzelt in den Seitenstra\u00dfen.<\/p>\n<\/div>\n\n\n\n<div class=\"wp-block-column is-layout-flow wp-block-column-is-layout-flow\" style=\"flex-basis:66.66%\">\n<figure class=\"wp-block-image size-large top-image\"><a href=\"https:\/\/www.openstreetmap.org\/directions#map=19\/50.92149\/6.96047\" target=\"_blank\" rel=\"noreferrer noopener\"><img loading=\"lazy\" decoding=\"async\" width=\"1024\" height=\"1024\" src=\"https:\/\/wp.hausarzt-meise.de\/wp-content\/uploads\/karte-1024x1024.jpg\" alt=\"\" class=\"wp-image-132\" srcset=\"https:\/\/www.hausarzt-meise.de\/wp-content\/uploads\/karte-1024x1024.jpg 1024w, https:\/\/www.hausarzt-meise.de\/wp-content\/uploads\/karte-300x300.jpg 300w, https:\/\/www.hausarzt-meise.de\/wp-content\/uploads\/karte-150x150.jpg 150w, https:\/\/www.hausarzt-meise.de\/wp-content\/uploads\/karte-768x768.jpg 768w, https:\/\/www.hausarzt-meise.de\/wp-content\/uploads\/karte.jpg 1200w\" sizes=\"auto, (max-width: 1024px) 100vw, 1024px\" \/><\/a><figcaption class=\"wp-element-caption\">\u00a9&nbsp;<a href=\"https:\/\/www.openstreetmap.org\/copyright\">OpenStreetMap contributors<\/a><\/figcaption><\/figure>\n<\/div>\n<\/div>\n\n\n<div class='fluentform ff-default fluentform_wrapper_1 ffs_default_wrap'><form data-form_id=\"1\" id=\"fluentform_1\" class=\"frm-fluent-form fluent_form_1 ff-el-form-top ff_form_instance_1_1 ff-form-loading ffs_default\" data-form_instance=\"ff_form_instance_1_1\" method=\"POST\" ><fieldset  style=\"border: none!important;margin: 0!important;padding: 0!important;background-color: transparent!important;box-shadow: none!important;outline: none!important; min-inline-size: 100%;\">\n                    <legend class=\"ff_screen_reader_title\" style=\"display: block; margin: 0!important;padding: 0!important;height: 0!important;text-indent: -999999px;width: 0!important;overflow:hidden;\">Kontaktformular de<\/legend><input type='hidden' name='__fluent_form_embded_post_id' value='90' \/><input type=\"hidden\" id=\"_fluentform_1_fluentformnonce\" name=\"_fluentform_1_fluentformnonce\" value=\"7cb538a1e6\" \/><input type=\"hidden\" name=\"_wp_http_referer\" value=\"\/de\/wp-json\/wp\/v2\/pages\/90\" \/><div data-type=\"name-element\" data-name=\"names\" class=\" ff-field_container ff-name-field-wrapper\" ><div class='ff-t-container'><div class='ff-t-cell '><div class='ff-el-group'><div class=\"ff-el-input--label ff-el-is-required asterisk-right\"><label for='ff_1_names_first_name_' >Vorname<\/label><\/div><div class='ff-el-input--content'><input type=\"text\" name=\"names[first_name]\" id=\"ff_1_names_first_name_\" class=\"ff-el-form-control\" placeholder=\"Vorname\" aria-invalid=\"false\" aria-required=true><\/div><\/div><\/div><div class='ff-t-cell '><div class='ff-el-group'><div class=\"ff-el-input--label ff-el-is-required asterisk-right\"><label for='ff_1_names_last_name_' >Nachname<\/label><\/div><div class='ff-el-input--content'><input type=\"text\" name=\"names[last_name]\" id=\"ff_1_names_last_name_\" class=\"ff-el-form-control\" placeholder=\"Nachname\" aria-invalid=\"false\" aria-required=true><\/div><\/div><\/div><\/div><\/div><div data-name=\"ff_cn_id_1\"  class='ff-t-container ff-column-container ff_columns_total_2  '><div class='ff-t-cell ff-t-column-1' style='flex-basis: 50%;'><div class='ff-el-group'><div class=\"ff-el-input--label ff-el-is-required asterisk-right\"><label for='ff_1_input_text' aria-label=\"Telefon\">Telefon<\/label><\/div><div class='ff-el-input--content'><input type=\"text\" name=\"input_text\" class=\"ff-el-form-control\" placeholder=\"Telefonnummer\" data-name=\"input_text\" id=\"ff_1_input_text\"  aria-invalid=\"false\" aria-required=true><\/div><\/div><\/div><div class='ff-t-cell ff-t-column-2' style='flex-basis: 50%;'><div class='ff-el-group'><div class=\"ff-el-input--label asterisk-right\"><label for='ff_1_email' aria-label=\"E-Mail\">E-Mail<\/label><\/div><div class='ff-el-input--content'><input type=\"email\" name=\"email\" id=\"ff_1_email\" class=\"ff-el-form-control\" placeholder=\"E-Mail Adresse\" data-name=\"email\"  aria-invalid=\"false\" aria-required=false><\/div><\/div><\/div><\/div><div class='ff-el-group'><div class=\"ff-el-input--label ff-el-is-required asterisk-right\"><label for='ff_1_message' aria-label=\"Ihre Nachricht\">Ihre Nachricht<\/label><\/div><div class='ff-el-input--content'><textarea aria-invalid=\"false\" aria-required=true name=\"message\" id=\"ff_1_message\" class=\"ff-el-form-control\" placeholder=\"Ihre Nachricht\" rows=\"4\" cols=\"2\" data-name=\"message\" ><\/textarea><\/div><\/div><div class='ff-el-group    ff-el-input--content'><div class='ff-el-form-check ff-el-tc'><label aria-label='Ich habe die Datenschutzhinweis gelesen und stimme der \u00dcbermittlung meiner Daten zu.Datenschutzhinweis: Wir machen Sie darauf aufmerksam, dass die Informationen dieses Formulars in Form einer E-Mail SSL-verschl\u00fcsselt an uns \u00fcbermittelt werden. Dennoch k\u00f6nnen wir keine Garantie f\u00fcr die Vertraulichkeit dieser Daten\u00fcbermittlung \u00fcbernehmen. Die pers\u00f6nlichen Daten, die wir von Ihnen erheben, werden ausschlie\u00dflich dazu genutzt, um die angeforderte Leistung zu erbringen. Es erfolgt keine Weitergabe an Dritte.' class='ff-el-form-check-label ff_tc_label' for=gdpr-agreement_d52237df2332782e3ab2eca7b5062cab><span class='ff_tc_checkbox'><input type=\"checkbox\" name=\"gdpr-agreement\" class=\"ff-el-form-check-input ff_gdpr_field\" data-name=\"gdpr-agreement\" id=\"gdpr-agreement_d52237df2332782e3ab2eca7b5062cab\"  value='on' aria-invalid='false' aria-required=true><\/span> <div class='ff_t_c'><strong>Ich habe die Datenschutzhinweis gelesen und stimme der \u00dcbermittlung meiner Daten zu.<\/strong><br><br><strong>Datenschutzhinweis:<\/strong> Wir machen Sie darauf aufmerksam, dass die Informationen dieses Formulars in Form einer E-Mail SSL-verschl\u00fcsselt an uns \u00fcbermittelt werden. Dennoch k\u00f6nnen wir keine Garantie f\u00fcr die Vertraulichkeit dieser Daten\u00fcbermittlung \u00fcbernehmen. Die pers\u00f6nlichen Daten, die wir von Ihnen erheben, werden ausschlie\u00dflich dazu genutzt, um die angeforderte Leistung zu erbringen. Es erfolgt keine Weitergabe an Dritte.<\/div><\/label><\/div><\/div><div class='ff-el-group ff-text-left ff_submit_btn_wrapper'><button type=\"submit\" class=\"ff-btn ff-btn-submit ff-btn-md ff_btn_style wpf_has_custom_css\" >Absenden<\/button><\/div><\/fieldset><\/form><div id='fluentform_1_errors' class='ff-errors-in-stack ff_form_instance_1_1 ff-form-loading_errors ff_form_instance_1_1_errors'><\/div><\/div>        <script type=\"text\/javascript\">\n            window.fluent_form_ff_form_instance_1_1 = {\"id\":\"1\",\"settings\":{\"layout\":{\"labelPlacement\":\"top\",\"helpMessagePlacement\":\"with_label\",\"errorMessagePlacement\":\"inline\",\"cssClassName\":\"\",\"asteriskPlacement\":\"asterisk-right\"},\"restrictions\":{\"denyEmptySubmission\":{\"enabled\":false}}},\"form_instance\":\"ff_form_instance_1_1\",\"form_id_selector\":\"fluentform_1\",\"rules\":{\"names[first_name]\":{\"required\":{\"value\":true,\"message\":\"Dieses Feld ist erforderlich\",\"global\":false,\"global_message\":\"Dieses Feld ist erforderlich\"}},\"names[middle_name]\":{\"required\":{\"value\":false,\"message\":\"This field is required\",\"global\":false,\"global_message\":\"Dieses Feld ist erforderlich\"}},\"names[last_name]\":{\"required\":{\"value\":true,\"message\":\"Dieses Feld ist erforderlich\",\"global\":false,\"global_message\":\"Dieses Feld ist erforderlich\"}},\"input_text\":{\"required\":{\"value\":true,\"message\":\"Dieses Feld ist erforderlich\",\"global_message\":\"Dieses Feld ist erforderlich\",\"global\":true}},\"email\":{\"required\":{\"value\":false,\"message\":\"This field is required\",\"global\":false,\"global_message\":\"Dieses Feld ist erforderlich\"},\"email\":{\"value\":false,\"message\":\"\",\"global\":false,\"global_message\":\"Dieses Feld muss eine g\\u00fcltige E-Mail-Adresse enthalten\"}},\"message\":{\"required\":{\"value\":true,\"message\":\"Dieses Feld ist erforderlich\",\"global\":false,\"global_message\":\"Dieses Feld ist erforderlich\"}},\"gdpr-agreement\":{\"required\":{\"value\":true,\"message\":\"Dieses Feld ist erforderlich\",\"global_message\":\"Dieses Feld ist erforderlich\",\"global\":true}}},\"debounce_time\":300,\"conditionals\":{\"names\":{\"type\":\"any\",\"status\":true,\"conditions\":[{\"field\":\"\",\"value\":\"\",\"operator\":\"\"}]}}};\n                    <\/script>\n        \n","protected":false},"excerpt":{"rendered":"<p>Der Standort der Praxis ist in der K\u00f6lner S\u00fcdstadt am Ubierring 9-11. Direkt vor der Praxis befindet sich die .Haltestelle &#8222;Chlodwigplatz&#8220;. Hier halten die KVB-Stadtbahnlinien&hellip;<\/p>\n","protected":false},"author":1,"featured_media":15,"parent":0,"menu_order":5,"comment_status":"closed","ping_status":"closed","template":"","meta":{"footnotes":""},"class_list":["post-90","page","type-page","status-publish","has-post-thumbnail","hentry"],"_links":{"self":[{"href":"https:\/\/www.hausarzt-meise.de\/de\/wp-json\/wp\/v2\/pages\/90","targetHints":{"allow":["GET"]}}],"collection":[{"href":"https:\/\/www.hausarzt-meise.de\/de\/wp-json\/wp\/v2\/pages"}],"about":[{"href":"https:\/\/www.hausarzt-meise.de\/de\/wp-json\/wp\/v2\/types\/page"}],"author":[{"embeddable":true,"href":"https:\/\/www.hausarzt-meise.de\/de\/wp-json\/wp\/v2\/users\/1"}],"replies":[{"embeddable":true,"href":"https:\/\/www.hausarzt-meise.de\/de\/wp-json\/wp\/v2\/comments?post=90"}],"version-history":[{"count":9,"href":"https:\/\/www.hausarzt-meise.de\/de\/wp-json\/wp\/v2\/pages\/90\/revisions"}],"predecessor-version":[{"id":343,"href":"https:\/\/www.hausarzt-meise.de\/de\/wp-json\/wp\/v2\/pages\/90\/revisions\/343"}],"wp:featuredmedia":[{"embeddable":true,"href":"https:\/\/www.hausarzt-meise.de\/de\/wp-json\/wp\/v2\/media\/15"}],"wp:attachment":[{"href":"https:\/\/www.hausarzt-meise.de\/de\/wp-json\/wp\/v2\/media?parent=90"}],"curies":[{"name":"wp","href":"https:\/\/api.w.org\/{rel}","templated":true}]}}