{"id":8,"date":"2024-05-16T11:36:19","date_gmt":"2024-05-16T09:36:19","guid":{"rendered":"https:\/\/wp.hausarzt-meise.de\/?page_id=8"},"modified":"2026-04-01T17:41:30","modified_gmt":"2026-04-01T15:41:30","slug":"start","status":"publish","type":"page","link":"https:\/\/www.hausarzt-meise.de\/de\/","title":{"rendered":"Start"},"content":{"rendered":"\n<figure class=\"wp-block-image size-large top-image\"><img loading=\"lazy\" decoding=\"async\" width=\"1024\" height=\"94\" src=\"https:\/\/www.hausarzt-meise.de\/wp-content\/uploads\/Streifen-Kopie-1024x94.jpg\" alt=\"\" class=\"wp-image-434\" srcset=\"https:\/\/www.hausarzt-meise.de\/wp-content\/uploads\/Streifen-Kopie-1024x94.jpg 1024w, https:\/\/www.hausarzt-meise.de\/wp-content\/uploads\/Streifen-Kopie-300x28.jpg 300w, https:\/\/www.hausarzt-meise.de\/wp-content\/uploads\/Streifen-Kopie-768x71.jpg 768w, https:\/\/www.hausarzt-meise.de\/wp-content\/uploads\/Streifen-Kopie-1536x141.jpg 1536w, https:\/\/www.hausarzt-meise.de\/wp-content\/uploads\/Streifen-Kopie-2048x189.jpg 2048w\" sizes=\"auto, (max-width: 1024px) 100vw, 1024px\" \/><\/figure>\n\n\n\n<h2 class=\"wp-block-heading\">Herzlich Willkommen<\/h2>\n\n\n\n<p>Liebe Patientinnen und Patienten,<\/p>\n\n\n\n<p>das Team unserer haus\u00e4rztlichen Praxis hei\u00dft Sie herzlich Willkommen!<\/p>\n\n\n\n<p>Auf diesen Seiten finden Sie alle n\u00f6tigen Informationen rund um unsere allgemeinmedizinische Praxis im Herzen der K\u00f6lner S\u00fcdstadt. Gerne k\u00f6nnen Sie telefonisch bei uns einen Termin f\u00fcr unsere Sprechstunde, sowie f\u00fcr Blutentnahmen, Impfungen und andere Untersuchungen vereinbaren.<\/p>\n\n\n\n<p>Aktuelles:<\/p>\n\n\n\n<ul class=\"wp-block-list\">\n<li>Unsere Praxis ist vom <strong>4. bis 8. Mai 2026 aufgrund von Urlaub geschlossen<\/strong>\n<ul class=\"wp-block-list\">\n<li>Die Vertretung \u00fcbernimmt die Praxis Dres. Meyer\/Roth bei uns im Haus (Tel. <a href=\"tel:0221316633\">0221 316633<\/a>)<\/li>\n<\/ul>\n<\/li>\n\n\n\n<li>Unsere Praxis ist vom <strong>7. bis 18. September 2026 aufgrund von Urlaub geschlossen<\/strong>\n<ul class=\"wp-block-list\">\n<li>Die Vertretung \u00fcbernimmt die Praxis Dres. Meyer\/Roth bei uns im Haus (Tel. <a href=\"tel:0221316633\">0221 316633<\/a>)<\/li>\n<\/ul>\n<\/li>\n\n\n\n<li>Unsere Praxis ist vom <strong>30. November bis 4. Dezember 2026 aufgrund von Urlaub geschlossen<\/strong>\n<ul class=\"wp-block-list\">\n<li>Die Vertretung \u00fcbernimmt die Praxis Dres. Meyer\/Roth bei uns im Haus (Tel. <a href=\"tel:0221316633\">0221 316633<\/a>)<\/li>\n<\/ul>\n<\/li>\n<\/ul>\n\n\n\n<p><\/p>\n","protected":false},"excerpt":{"rendered":"<p>Herzlich Willkommen Liebe Patientinnen und Patienten, das Team unserer haus\u00e4rztlichen Praxis hei\u00dft Sie herzlich Willkommen! Auf diesen Seiten finden Sie alle n\u00f6tigen Informationen rund um&hellip;<\/p>\n","protected":false},"author":1,"featured_media":30,"parent":0,"menu_order":1,"comment_status":"closed","ping_status":"closed","template":"","meta":{"footnotes":""},"class_list":["post-8","page","type-page","status-publish","has-post-thumbnail","hentry"],"_links":{"self":[{"href":"https:\/\/www.hausarzt-meise.de\/de\/wp-json\/wp\/v2\/pages\/8","targetHints":{"allow":["GET"]}}],"collection":[{"href":"https:\/\/www.hausarzt-meise.de\/de\/wp-json\/wp\/v2\/pages"}],"about":[{"href":"https:\/\/www.hausarzt-meise.de\/de\/wp-json\/wp\/v2\/types\/page"}],"author":[{"embeddable":true,"href":"https:\/\/www.hausarzt-meise.de\/de\/wp-json\/wp\/v2\/users\/1"}],"replies":[{"embeddable":true,"href":"https:\/\/www.hausarzt-meise.de\/de\/wp-json\/wp\/v2\/comments?post=8"}],"version-history":[{"count":10,"href":"https:\/\/www.hausarzt-meise.de\/de\/wp-json\/wp\/v2\/pages\/8\/revisions"}],"predecessor-version":[{"id":450,"href":"https:\/\/www.hausarzt-meise.de\/de\/wp-json\/wp\/v2\/pages\/8\/revisions\/450"}],"wp:featuredmedia":[{"embeddable":true,"href":"https:\/\/www.hausarzt-meise.de\/de\/wp-json\/wp\/v2\/media\/30"}],"wp:attachment":[{"href":"https:\/\/www.hausarzt-meise.de\/de\/wp-json\/wp\/v2\/media?parent=8"}],"curies":[{"name":"wp","href":"https:\/\/api.w.org\/{rel}","templated":true}]}}