{"id":59,"date":"2024-05-17T11:44:20","date_gmt":"2024-05-17T09:44:20","guid":{"rendered":"https:\/\/wp.hausarzt-meise.de\/?page_id=59"},"modified":"2024-08-01T18:32:22","modified_gmt":"2024-08-01T16:32:22","slug":"termine","status":"publish","type":"page","link":"https:\/\/www.hausarzt-meise.de\/de\/termine\/","title":{"rendered":"Termine"},"content":{"rendered":"\n<div class=\"wp-block-columns is-layout-flex wp-container-core-columns-is-layout-9d6595d7 wp-block-columns-is-layout-flex\">\n<div class=\"wp-block-column is-layout-flow wp-block-column-is-layout-flow\">\n<p>Wir m\u00f6chten Ihnen das Ankommen in unserer Praxis erleichtern, insbesondere, wenn es einmal schnell gehen soll.<\/p>\n\n\n\n<p>Eine Kontaktaufnahme erfolgt am allerbesten \u00fcber unsere Anmeldung, telefonisch oder per e-mail.<\/p>\n\n\n\n<p>Anliegen werden von unseren Mitarbeiterinnen erfragt:<\/p>\n\n\n\n<ul class=\"wp-block-list\">\n<li>Erkrankung?<\/li>\n\n\n\n<li>Untersuchung?<\/li>\n\n\n\n<li>Vorsorge?<\/li>\n\n\n\n<li>Behandlung?<\/li>\n\n\n\n<li>Gespr\u00e4ch?<\/li>\n<\/ul>\n\n\n\n<div style=\"height:20px\" aria-hidden=\"true\" class=\"wp-block-spacer\"><\/div>\n\n\n\n<figure class=\"wp-block-image size-large\"><img loading=\"lazy\" decoding=\"async\" width=\"1024\" height=\"768\" src=\"https:\/\/wp.hausarzt-meise.de\/wp-content\/uploads\/Praxis-Meise-Koeln-09-6284-1024x768.jpg\" alt=\"\" class=\"wp-image-36\" srcset=\"https:\/\/www.hausarzt-meise.de\/wp-content\/uploads\/Praxis-Meise-Koeln-09-6284-1024x768.jpg 1024w, https:\/\/www.hausarzt-meise.de\/wp-content\/uploads\/Praxis-Meise-Koeln-09-6284-300x225.jpg 300w, https:\/\/www.hausarzt-meise.de\/wp-content\/uploads\/Praxis-Meise-Koeln-09-6284-768x576.jpg 768w, https:\/\/www.hausarzt-meise.de\/wp-content\/uploads\/Praxis-Meise-Koeln-09-6284-1536x1152.jpg 1536w, https:\/\/www.hausarzt-meise.de\/wp-content\/uploads\/Praxis-Meise-Koeln-09-6284-2048x1536.jpg 2048w\" sizes=\"auto, (max-width: 1024px) 100vw, 1024px\" \/><\/figure>\n<\/div>\n\n\n\n<div class=\"wp-block-column is-layout-flow wp-block-column-is-layout-flow\">\n<figure class=\"wp-block-image size-large top-image\"><img loading=\"lazy\" decoding=\"async\" width=\"1024\" height=\"768\" src=\"https:\/\/wp.hausarzt-meise.de\/wp-content\/uploads\/Praxis-Meise-Koeln-05-6143-1024x768.jpg\" alt=\"\" class=\"wp-image-124\" srcset=\"https:\/\/www.hausarzt-meise.de\/wp-content\/uploads\/Praxis-Meise-Koeln-05-6143-1024x768.jpg 1024w, https:\/\/www.hausarzt-meise.de\/wp-content\/uploads\/Praxis-Meise-Koeln-05-6143-300x225.jpg 300w, https:\/\/www.hausarzt-meise.de\/wp-content\/uploads\/Praxis-Meise-Koeln-05-6143-768x576.jpg 768w, https:\/\/www.hausarzt-meise.de\/wp-content\/uploads\/Praxis-Meise-Koeln-05-6143-1536x1152.jpg 1536w, https:\/\/www.hausarzt-meise.de\/wp-content\/uploads\/Praxis-Meise-Koeln-05-6143-2048x1536.jpg 2048w\" sizes=\"auto, (max-width: 1024px) 100vw, 1024px\" \/><\/figure>\n\n\n\n<p>Bitte stimmen Sie Ihre Termine ab! Ein gewisse Vorlaufzeit ist bei Gesundheitschecks einzuplanen.<\/p>\n\n\n\n<p>Haben Sie:<\/p>\n\n\n\n<ul class=\"wp-block-list\">\n<li>dringende Anliegen?<\/li>\n\n\n\n<li>eine Krankschreibung n\u00f6tig?<\/li>\n<\/ul>\n\n\n\n<p>Dies ist beides oft am selben Tag erforderlich, daher bitte in diesen dringenden F\u00e4llen direkt morgens fr\u00fch anrufen, damit wir ungef\u00e4hre Behandlungszeitr\u00e4ume f\u00fcr Sie einplanen k\u00f6nnen und die Wartezeit f\u00fcr Sie m\u00f6glichst gering ausf\u00e4llt.<\/p>\n\n\n\n<p>Die Behandlungszeit liegt hierbei ca. nach 11 Uhr.<\/p>\n<\/div>\n<\/div>\n","protected":false},"excerpt":{"rendered":"<p>Wir m\u00f6chten Ihnen das Ankommen in unserer Praxis erleichtern, insbesondere, wenn es einmal schnell gehen soll. Eine Kontaktaufnahme erfolgt am allerbesten \u00fcber unsere Anmeldung, telefonisch&hellip;<\/p>\n","protected":false},"author":1,"featured_media":0,"parent":0,"menu_order":3,"comment_status":"closed","ping_status":"closed","template":"","meta":{"footnotes":""},"class_list":["post-59","page","type-page","status-publish","hentry"],"_links":{"self":[{"href":"https:\/\/www.hausarzt-meise.de\/de\/wp-json\/wp\/v2\/pages\/59","targetHints":{"allow":["GET"]}}],"collection":[{"href":"https:\/\/www.hausarzt-meise.de\/de\/wp-json\/wp\/v2\/pages"}],"about":[{"href":"https:\/\/www.hausarzt-meise.de\/de\/wp-json\/wp\/v2\/types\/page"}],"author":[{"embeddable":true,"href":"https:\/\/www.hausarzt-meise.de\/de\/wp-json\/wp\/v2\/users\/1"}],"replies":[{"embeddable":true,"href":"https:\/\/www.hausarzt-meise.de\/de\/wp-json\/wp\/v2\/comments?post=59"}],"version-history":[{"count":9,"href":"https:\/\/www.hausarzt-meise.de\/de\/wp-json\/wp\/v2\/pages\/59\/revisions"}],"predecessor-version":[{"id":338,"href":"https:\/\/www.hausarzt-meise.de\/de\/wp-json\/wp\/v2\/pages\/59\/revisions\/338"}],"wp:attachment":[{"href":"https:\/\/www.hausarzt-meise.de\/de\/wp-json\/wp\/v2\/media?parent=59"}],"curies":[{"name":"wp","href":"https:\/\/api.w.org\/{rel}","templated":true}]}}