{"id":54,"date":"2024-05-17T11:34:03","date_gmt":"2024-05-17T09:34:03","guid":{"rendered":"https:\/\/wp.hausarzt-meise.de\/?page_id=54"},"modified":"2026-04-01T17:42:05","modified_gmt":"2026-04-01T15:42:05","slug":"arbeitsbereiche","status":"publish","type":"page","link":"https:\/\/www.hausarzt-meise.de\/de\/arbeitsbereiche\/","title":{"rendered":"Arbeitsbereiche"},"content":{"rendered":"\n<div class=\"wp-block-columns is-layout-flex wp-container-core-columns-is-layout-9d6595d7 wp-block-columns-is-layout-flex\">\n<div class=\"wp-block-column is-layout-flow wp-block-column-is-layout-flow\">\n<h2 class=\"wp-block-heading\">Untersuchungen bei Beschwerden<\/h2>\n\n\n\n<p>Bei Beschwerden: Geben Sie uns bitte Stichworte zu Ihren Beschwerden, eventuell auch schon an der Anmeldung, damit wir Ihnen zeitlich angemessen, m\u00f6glichst bald, weiterhelfen k\u00f6nnen.<\/p>\n\n\n\n<ol class=\"wp-block-list\">\n<li><strong>Grippale Infekte<\/strong>: Eines der h\u00e4ufigsten Krankheitsbilder in der Hausarztpraxis. Bitte melden Sie sich vorher telefonisch, sodass wir Ihnen einen zeitnahen Termin in unserer Infektsprechstunde geben k\u00f6nnen.<\/li>\n\n\n\n<li><strong>Herzbeschwerden<\/strong>: diese erfordern meist eine z\u00fcgige Abkl\u00e4rung, die bei uns mittels EKG, Belastungs-EKG, Langzeitblutdruckmessung, Langzeit-EKG, etc. m\u00f6glich ist.<\/li>\n\n\n\n<li><strong>Luftbeschwerden<\/strong>: Lungenerkrankungen k\u00f6nnen durch k\u00f6rperlich Untersuchen, Lungenfunktionstestung und Laboruntersuchungen abgekl\u00e4rt und behandelt werden.<\/li>\n\n\n\n<li><strong>Bauchbeschwerden<\/strong>: diese k\u00f6nnen durch k\u00f6nnen durch vielerlei innere Organe ausgel\u00f6st werden.<br>Neben der k\u00f6rperlichen Untersuchung sind hier vor allem unser modernes Ultraschallger\u00e4t, sowie die  und Labordiagnostik erste wichtige diagnostische Ma\u00dfnahmen hin zu einer zielf\u00fchrenden Therapie.<\/li>\n\n\n\n<li><strong>Akute oder chronische Schmerzen<\/strong>: Arthrose, Rheuma oder andere Grunderkrankungen k\u00f6nnen zu einem belastenden Schmerzsyndrom f\u00fchren. In Kooperation mit anderen Fach\u00e4rzten f\u00fchren wir eine interdisziplin\u00e4re Schmerztherapie durch.<\/li>\n\n\n\n<li><strong>Psychische Beschwerden<\/strong>: im Rahmen der psychosomatischen Grundversorgung sind wir als Haus\u00e4rzte auch oft die ersten Ansprechpartner bei psychischen Beschwerden oder Erkrankungen. In vertrauensvollen Gespr\u00e4chen k\u00f6nnen wir \u00fcber weitere Diagnostik- und Therapiemethoden offen sprechen.<\/li>\n<\/ol>\n\n\n\n<figure class=\"wp-block-image size-large\"><img loading=\"lazy\" decoding=\"async\" width=\"1024\" height=\"1024\" src=\"https:\/\/wp.hausarzt-meise.de\/wp-content\/uploads\/Praxis-Meise-Koeln-Ultraschall-1024x1024.jpg\" alt=\"\" class=\"wp-image-122\" srcset=\"https:\/\/www.hausarzt-meise.de\/wp-content\/uploads\/Praxis-Meise-Koeln-Ultraschall-1024x1024.jpg 1024w, https:\/\/www.hausarzt-meise.de\/wp-content\/uploads\/Praxis-Meise-Koeln-Ultraschall-300x300.jpg 300w, https:\/\/www.hausarzt-meise.de\/wp-content\/uploads\/Praxis-Meise-Koeln-Ultraschall-150x150.jpg 150w, https:\/\/www.hausarzt-meise.de\/wp-content\/uploads\/Praxis-Meise-Koeln-Ultraschall-768x768.jpg 768w, https:\/\/www.hausarzt-meise.de\/wp-content\/uploads\/Praxis-Meise-Koeln-Ultraschall.jpg 1200w\" sizes=\"auto, (max-width: 1024px) 100vw, 1024px\" \/><\/figure>\n<\/div>\n\n\n\n<div class=\"wp-block-column is-layout-flow wp-block-column-is-layout-flow\">\n<h2 class=\"wp-block-heading\">Vorsorge<\/h2>\n\n\n\n<ol class=\"wp-block-list\">\n<li><strong>Gesundheitscheck<\/strong><br>F\u00fcr alle ab 35 Jahre, dann alle 3 Jahre m\u00f6glich<br>Zwischen 18-35 Jahre einmalig m\u00f6glich.<\/li>\n\n\n\n<li><strong>Krebsvorsorge<\/strong>\u00a0des Darms besprechen.<br>Hautcheck m\u00f6glich bez\u00fcglich Hautkrebs.<br>F\u00fcr M\u00e4nner: Prostata Vorsorge<\/li>\n\n\n\n<li><strong>Impfberatung und Impfungen<\/strong>&nbsp;f\u00fcr In- und Ausland, teils Kassenleistung, teils Eigenleistung.<\/li>\n\n\n\n<li><strong>Sportcheck<\/strong>&nbsp;zur Trainingseinsch\u00e4tzung bei Amateuren, zu Beginn eines Trainings oder zur Trainings\u00fcberpr\u00fcfung.<\/li>\n\n\n\n<li><strong>Beratung \u00fcber komplexe medizinische Probleme<\/strong><br>Falls chronische Themen oder akute Behandlungen anstehen, bei denen es zu un\u00fcbersichtlich geworden ist und Sie nicht mehr wissen , wie Sie es entscheiden k\u00f6nnen, dann w\u00e4re ein aufkl\u00e4rendes Gespr\u00e4ch zu empfehlen.<\/li>\n\n\n\n<li><strong>Laborcheck<\/strong><br>Hier gibt es verschiedene M\u00f6glichkeiten, die wir vor einer Abnahme besprechen sollten. Manches \u00fcbernimmt die Krankenkasse, anderes nicht. Sinnvolle Erg\u00e4nzungen bespreche ich gerne mit Ihnen.<\/li>\n<\/ol>\n<\/div>\n<\/div>\n\n\n\n<p><\/p>\n\n\n\n<p><\/p>\n","protected":false},"excerpt":{"rendered":"<p>Untersuchungen bei Beschwerden Bei Beschwerden: Geben Sie uns bitte Stichworte zu Ihren Beschwerden, eventuell auch schon an der Anmeldung, damit wir Ihnen zeitlich angemessen, m\u00f6glichst&hellip;<\/p>\n","protected":false},"author":1,"featured_media":55,"parent":0,"menu_order":2,"comment_status":"closed","ping_status":"closed","template":"","meta":{"footnotes":""},"class_list":["post-54","page","type-page","status-publish","has-post-thumbnail","hentry"],"_links":{"self":[{"href":"https:\/\/www.hausarzt-meise.de\/de\/wp-json\/wp\/v2\/pages\/54","targetHints":{"allow":["GET"]}}],"collection":[{"href":"https:\/\/www.hausarzt-meise.de\/de\/wp-json\/wp\/v2\/pages"}],"about":[{"href":"https:\/\/www.hausarzt-meise.de\/de\/wp-json\/wp\/v2\/types\/page"}],"author":[{"embeddable":true,"href":"https:\/\/www.hausarzt-meise.de\/de\/wp-json\/wp\/v2\/users\/1"}],"replies":[{"embeddable":true,"href":"https:\/\/www.hausarzt-meise.de\/de\/wp-json\/wp\/v2\/comments?post=54"}],"version-history":[{"count":9,"href":"https:\/\/www.hausarzt-meise.de\/de\/wp-json\/wp\/v2\/pages\/54\/revisions"}],"predecessor-version":[{"id":336,"href":"https:\/\/www.hausarzt-meise.de\/de\/wp-json\/wp\/v2\/pages\/54\/revisions\/336"}],"wp:featuredmedia":[{"embeddable":true,"href":"https:\/\/www.hausarzt-meise.de\/de\/wp-json\/wp\/v2\/media\/55"}],"wp:attachment":[{"href":"https:\/\/www.hausarzt-meise.de\/de\/wp-json\/wp\/v2\/media?parent=54"}],"curies":[{"name":"wp","href":"https:\/\/api.w.org\/{rel}","templated":true}]}}