{"id":32,"date":"2024-05-16T12:58:03","date_gmt":"2024-05-16T10:58:03","guid":{"rendered":"https:\/\/wp.hausarzt-meise.de\/?page_id=32"},"modified":"2025-09-26T09:31:54","modified_gmt":"2025-09-26T07:31:54","slug":"team","status":"publish","type":"page","link":"https:\/\/www.hausarzt-meise.de\/de\/team\/","title":{"rendered":"Team"},"content":{"rendered":"\n<div class=\"wp-block-columns is-layout-flex wp-container-core-columns-is-layout-9d6595d7 wp-block-columns-is-layout-flex\">\n<div class=\"wp-block-column is-layout-flow wp-block-column-is-layout-flow\">\n<figure class=\"wp-block-image size-large is-style-rounded\"><img loading=\"lazy\" decoding=\"async\" width=\"1024\" height=\"1024\" src=\"https:\/\/wp.hausarzt-meise.de\/wp-content\/uploads\/Praxis-Meise-Koeln-Christian-Meise-01-6261-1024x1024.jpg\" alt=\"\" class=\"wp-image-44\" srcset=\"https:\/\/www.hausarzt-meise.de\/wp-content\/uploads\/Praxis-Meise-Koeln-Christian-Meise-01-6261-1024x1024.jpg 1024w, https:\/\/www.hausarzt-meise.de\/wp-content\/uploads\/Praxis-Meise-Koeln-Christian-Meise-01-6261-300x300.jpg 300w, https:\/\/www.hausarzt-meise.de\/wp-content\/uploads\/Praxis-Meise-Koeln-Christian-Meise-01-6261-150x150.jpg 150w, https:\/\/www.hausarzt-meise.de\/wp-content\/uploads\/Praxis-Meise-Koeln-Christian-Meise-01-6261-768x768.jpg 768w, https:\/\/www.hausarzt-meise.de\/wp-content\/uploads\/Praxis-Meise-Koeln-Christian-Meise-01-6261.jpg 1200w\" sizes=\"auto, (max-width: 1024px) 100vw, 1024px\" \/><\/figure>\n<\/div>\n\n\n\n<div class=\"wp-block-column is-layout-flow wp-block-column-is-layout-flow\">\n<h3 class=\"wp-block-heading\">Christian Meise&nbsp;<\/h3>\n\n\n\n<h4 class=\"wp-block-heading\">Facharzt f\u00fcr Allgemeinmedizin<\/h4>\n\n\n\n<p>Im Jahr 1988 in Bochum geboren und aufgewachsen. Nach dem Abitur Studium der Medizin an der Eberhard-Karls-Universit\u00e4t T\u00fcbingen. Ab 2018 Stationsarzt in der Tropenklinik Paul-Lechler-Krankenhaus T\u00fcbingen in den Bereichen Geriatrie und Palliativmedizin unter der Leitung von Chefarzt Dr. Johannes-Martin Hahn.<\/p>\n\n\n\n<p>Von 2021 bis 2023 Assistenzarzt in der Hausarztpraxis \u201eAn der Schanz\u201c bei Allgemeinmedizinerin Maria Christides in K\u00f6ln-Riehl.<\/p>\n\n\n\n<p>Dezember 2023 Facharztpr\u00fcfung zum Allgemeinmediziner.<\/p>\n\n\n\n<p>Seit 2024 Hausarzt in der Hausarztpraxis am Ubierring in der K\u00f6lner S\u00fcdstadt.<\/p>\n<\/div>\n<\/div>\n\n\n\n<div style=\"height:57px\" aria-hidden=\"true\" class=\"wp-block-spacer\"><\/div>\n\n\n\n<div class=\"wp-block-columns is-layout-flex wp-container-core-columns-is-layout-9d6595d7 wp-block-columns-is-layout-flex\">\n<div class=\"wp-block-column is-layout-flow wp-block-column-is-layout-flow\"><\/div>\n\n\n\n<div class=\"wp-block-column is-layout-flow wp-block-column-is-layout-flow\">\n<p><\/p>\n<\/div>\n<\/div>\n\n\n\n<div class=\"wp-block-columns is-layout-flex wp-container-core-columns-is-layout-9d6595d7 wp-block-columns-is-layout-flex\">\n<div class=\"wp-block-column is-layout-flow wp-block-column-is-layout-flow\">\n<figure class=\"wp-block-image size-large is-style-rounded\"><img loading=\"lazy\" decoding=\"async\" width=\"1024\" height=\"1024\" src=\"https:\/\/wp.hausarzt-meise.de\/wp-content\/uploads\/Praxis-Meise-Koeln-Ulrike-Schmitz-10-6220-1024x1024.jpg\" alt=\"\" class=\"wp-image-73\" srcset=\"https:\/\/www.hausarzt-meise.de\/wp-content\/uploads\/Praxis-Meise-Koeln-Ulrike-Schmitz-10-6220-1024x1024.jpg 1024w, https:\/\/www.hausarzt-meise.de\/wp-content\/uploads\/Praxis-Meise-Koeln-Ulrike-Schmitz-10-6220-300x300.jpg 300w, https:\/\/www.hausarzt-meise.de\/wp-content\/uploads\/Praxis-Meise-Koeln-Ulrike-Schmitz-10-6220-150x150.jpg 150w, https:\/\/www.hausarzt-meise.de\/wp-content\/uploads\/Praxis-Meise-Koeln-Ulrike-Schmitz-10-6220-768x768.jpg 768w, https:\/\/www.hausarzt-meise.de\/wp-content\/uploads\/Praxis-Meise-Koeln-Ulrike-Schmitz-10-6220.jpg 1200w\" sizes=\"auto, (max-width: 1024px) 100vw, 1024px\" \/><\/figure>\n<\/div>\n\n\n\n<div class=\"wp-block-column is-layout-flow wp-block-column-is-layout-flow\">\n<div style=\"height:12px\" aria-hidden=\"true\" class=\"wp-block-spacer\"><\/div>\n\n\n\n<h3 class=\"wp-block-heading\">Ulrike Schmitz&nbsp;<\/h3>\n\n\n\n<p>Frau Schmitz ist an der Anmeldung Ihre erste Ansprechpartnerin. Sie arbeitet seit 1996 hier in der Praxis und  zeichnet sich durch ihren gro\u00dfen Erfahrungsschatz und ihre gro\u00dfe Hilfsbereitschaft aus. Sie k\u00fcmmert sich zuverl\u00e4ssig und kompetent um Ihre Anliegen und unterst\u00fctzt Sie mit Ihrer ruhigen und empathischen Art mit Rat und Tat, was von den Patienten sehr gesch\u00e4tzt wird. Frau Schmitz weist zudem weiteres K\u00f6nnen in allen Arbeitsbereichen auf, was der Praxis in Urlaubs- und Sto\u00dfzeiten zugute kommt.<\/p>\n<\/div>\n<\/div>\n\n\n\n<div class=\"wp-block-columns is-layout-flex wp-container-core-columns-is-layout-9d6595d7 wp-block-columns-is-layout-flex\">\n<div class=\"wp-block-column is-layout-flow wp-block-column-is-layout-flow\"><\/div>\n\n\n\n<div class=\"wp-block-column is-layout-flow wp-block-column-is-layout-flow\">\n<div style=\"height:11px\" aria-hidden=\"true\" class=\"wp-block-spacer\"><\/div>\n\n\n\n<h3 class=\"wp-block-heading\"><\/h3>\n<\/div>\n<\/div>\n\n\n\n<div class=\"wp-block-columns is-layout-flex wp-container-core-columns-is-layout-9d6595d7 wp-block-columns-is-layout-flex\">\n<div class=\"wp-block-column is-layout-flow wp-block-column-is-layout-flow\"><\/div>\n\n\n\n<div class=\"wp-block-column is-layout-flow wp-block-column-is-layout-flow\">\n<div style=\"height:85px\" aria-hidden=\"true\" class=\"wp-block-spacer\"><\/div>\n\n\n\n<h3 class=\"wp-block-heading\">Hafida Arrabhi<\/h3>\n\n\n\n<p>Frau Arrabhi ist ebenfalls sehr erfahren in ihrem Beruf und unterst\u00fctzt uns seit vielen Jahren sowohl im Anmeldebereich als auch im Labor tatkr\u00e4ftig und mit gro\u00dfer Umsicht. Ihre gro\u00dfe St\u00e4rke ist ihre Flexibilit\u00e4t, sodass sie vielf\u00e4ltig einsetzbar ist.<\/p>\n<\/div>\n<\/div>\n","protected":false},"excerpt":{"rendered":"<p>Christian Meise&nbsp; Facharzt f\u00fcr Allgemeinmedizin Im Jahr 1988 in Bochum geboren und aufgewachsen. Nach dem Abitur Studium der Medizin an der Eberhard-Karls-Universit\u00e4t T\u00fcbingen. Ab 2018&hellip;<\/p>\n","protected":false},"author":1,"featured_media":36,"parent":0,"menu_order":4,"comment_status":"closed","ping_status":"closed","template":"","meta":{"footnotes":""},"class_list":["post-32","page","type-page","status-publish","has-post-thumbnail","hentry"],"_links":{"self":[{"href":"https:\/\/www.hausarzt-meise.de\/de\/wp-json\/wp\/v2\/pages\/32","targetHints":{"allow":["GET"]}}],"collection":[{"href":"https:\/\/www.hausarzt-meise.de\/de\/wp-json\/wp\/v2\/pages"}],"about":[{"href":"https:\/\/www.hausarzt-meise.de\/de\/wp-json\/wp\/v2\/types\/page"}],"author":[{"embeddable":true,"href":"https:\/\/www.hausarzt-meise.de\/de\/wp-json\/wp\/v2\/users\/1"}],"replies":[{"embeddable":true,"href":"https:\/\/www.hausarzt-meise.de\/de\/wp-json\/wp\/v2\/comments?post=32"}],"version-history":[{"count":10,"href":"https:\/\/www.hausarzt-meise.de\/de\/wp-json\/wp\/v2\/pages\/32\/revisions"}],"predecessor-version":[{"id":425,"href":"https:\/\/www.hausarzt-meise.de\/de\/wp-json\/wp\/v2\/pages\/32\/revisions\/425"}],"wp:featuredmedia":[{"embeddable":true,"href":"https:\/\/www.hausarzt-meise.de\/de\/wp-json\/wp\/v2\/media\/36"}],"wp:attachment":[{"href":"https:\/\/www.hausarzt-meise.de\/de\/wp-json\/wp\/v2\/media?parent=32"}],"curies":[{"name":"wp","href":"https:\/\/api.w.org\/{rel}","templated":true}]}}