{"id":12,"date":"2024-05-16T11:59:15","date_gmt":"2024-05-16T09:59:15","guid":{"rendered":"https:\/\/wp.hausarzt-meise.de\/?page_id=12"},"modified":"2024-06-23T21:59:47","modified_gmt":"2024-06-23T19:59:47","slug":"impressum","status":"publish","type":"page","link":"https:\/\/www.hausarzt-meise.de\/de\/impressum\/","title":{"rendered":"Impressum"},"content":{"rendered":"\n<h3 class=\"wp-block-heading\">Christian Meise<\/h3>\n\n\n\n<h4 class=\"wp-block-heading\">Facharzt f\u00fcr Allgemeinmedizin<\/h4>\n\n\n\n<div class=\"wp-block-columns is-layout-flex wp-container-core-columns-is-layout-9d6595d7 wp-block-columns-is-layout-flex\">\n<div class=\"wp-block-column is-layout-flow wp-block-column-is-layout-flow\">\n<p>Ubierring 9-11<br>50678 K\u00f6ln<\/p>\n\n\n\n<p>Tel.: 0221 311 357<br>Fax.: 0221 31 30 77<\/p>\n\n\n\n<p><a href=\"mailto:info@hausarzt-meise.de\">info@hausarzt-meise.de<\/a><\/p>\n\n\n\n<p><strong>Zust\u00e4ndige Landes\u00e4rztekammer<\/strong>&nbsp;(Aufsichtsbeh\u00f6rde)<br>\u00c4rztekammer Nordrhein<br>Tersteegenstrasse 9<br>40474 D\u00fcsseldorf<\/p>\n\n\n\n<p><strong>Zust\u00e4ndige kassen\u00e4rztliche Vereinigung<\/strong><br>Kassen\u00e4rztliche Vereinigung Nordrhein<br>Bezirksstelle K\u00f6ln<br>Butzweilerhofallee 7<br>50829 K\u00f6ln<\/p>\n\n\n\n<p><strong>Berufsbezeichnung:<\/strong>&nbsp;Arzt<br>verliehen in der Bundesrepublik Deutschland<\/p>\n<\/div>\n\n\n\n<div class=\"wp-block-column is-layout-flow wp-block-column-is-layout-flow\">\n<p><strong>Links<\/strong><\/p>\n\n\n\n<ul class=\"wp-block-list\">\n<li><a href=\"https:\/\/www.aekno.de\/aerzte\/berufsordnung\"><strong>Berufsordnung<\/strong> der \u00c4rztekammer Nordrhein<\/a><\/li>\n\n\n\n<li><a href=\"https:\/\/www.aekno.de\/aerzte\/gesetze-verordnungen\/heilberufsgesetz-nrw\"><strong>Heilberufsgesetz<\/strong>&nbsp;NRW<\/a><\/li>\n<\/ul>\n\n\n\n<p><strong>Haftungshinweis<\/strong><br>Trotz sorgf\u00e4ltiger inhaltlicher Kontrollen \u00fcbernehmen wir keine Haftung f\u00fcr externe Links. F\u00fcr die Inhalte der verlinkten Seiten sind ausschlie\u00dflich die Betreiber verantwortlich.<\/p>\n\n\n\n<h5 class=\"wp-block-heading\">Webdesign, Programmierung und Fotos<\/h5>\n\n\n\n<p class=\"neo7\"><a href=\"https:\/\/neo7.de\/\">neo7.de<\/a><\/p>\n<\/div>\n<\/div>\n","protected":false},"excerpt":{"rendered":"<p>Christian Meise Facharzt f\u00fcr Allgemeinmedizin Ubierring 9-1150678 K\u00f6ln Tel.: 0221 311 357Fax.: 0221 31 30 77 info@hausarzt-meise.de Zust\u00e4ndige Landes\u00e4rztekammer&nbsp;(Aufsichtsbeh\u00f6rde)\u00c4rztekammer NordrheinTersteegenstrasse 940474 D\u00fcsseldorf Zust\u00e4ndige kassen\u00e4rztliche VereinigungKassen\u00e4rztliche&hellip;<\/p>\n","protected":false},"author":1,"featured_media":15,"parent":0,"menu_order":100,"comment_status":"closed","ping_status":"closed","template":"","meta":{"footnotes":""},"class_list":["post-12","page","type-page","status-publish","has-post-thumbnail","hentry"],"_links":{"self":[{"href":"https:\/\/www.hausarzt-meise.de\/de\/wp-json\/wp\/v2\/pages\/12","targetHints":{"allow":["GET"]}}],"collection":[{"href":"https:\/\/www.hausarzt-meise.de\/de\/wp-json\/wp\/v2\/pages"}],"about":[{"href":"https:\/\/www.hausarzt-meise.de\/de\/wp-json\/wp\/v2\/types\/page"}],"author":[{"embeddable":true,"href":"https:\/\/www.hausarzt-meise.de\/de\/wp-json\/wp\/v2\/users\/1"}],"replies":[{"embeddable":true,"href":"https:\/\/www.hausarzt-meise.de\/de\/wp-json\/wp\/v2\/comments?post=12"}],"version-history":[{"count":10,"href":"https:\/\/www.hausarzt-meise.de\/de\/wp-json\/wp\/v2\/pages\/12\/revisions"}],"predecessor-version":[{"id":322,"href":"https:\/\/www.hausarzt-meise.de\/de\/wp-json\/wp\/v2\/pages\/12\/revisions\/322"}],"wp:featuredmedia":[{"embeddable":true,"href":"https:\/\/www.hausarzt-meise.de\/de\/wp-json\/wp\/v2\/media\/15"}],"wp:attachment":[{"href":"https:\/\/www.hausarzt-meise.de\/de\/wp-json\/wp\/v2\/media?parent=12"}],"curies":[{"name":"wp","href":"https:\/\/api.w.org\/{rel}","templated":true}]}}